{"id":191,"date":"2023-12-03T07:32:40","date_gmt":"2023-12-03T06:32:40","guid":{"rendered":"https:\/\/centretellura.be\/?page_id=191"},"modified":"2025-05-19T18:35:22","modified_gmt":"2025-05-19T16:35:22","slug":"jafer-dimitri","status":"publish","type":"page","link":"https:\/\/centretellura.be\/index.php\/jafer-dimitri\/","title":{"rendered":"JAFER  Dimitri"},"content":{"rendered":"\t\t<div data-elementor-type=\"wp-page\" data-elementor-id=\"191\" class=\"elementor elementor-191\">\n\t\t\t\t<div class=\"elementor-element elementor-element-e8e2217 e-con-full e-flex e-con e-parent\" data-id=\"e8e2217\" data-element_type=\"container\" data-e-type=\"container\">\n\t\t\t\t<div class=\"elementor-element elementor-element-69422aa elementor-widget__width-initial elementor-widget-mobile__width-initial elementor-widget elementor-widget-image\" data-id=\"69422aa\" data-element_type=\"widget\" data-e-type=\"widget\" data-widget_type=\"image.default\">\n\t\t\t\t<div class=\"elementor-widget-container\">\n\t\t\t\t\t\t\t\t\t\t\t\t\t\t\t<img fetchpriority=\"high\" decoding=\"async\" width=\"287\" height=\"285\" src=\"https:\/\/centretellura.be\/wp-content\/uploads\/2023\/12\/moi-1-e1703798206272.jpg\" class=\"attachment-large size-large wp-image-1787\" alt=\"\" srcset=\"https:\/\/centretellura.be\/wp-content\/uploads\/2023\/12\/moi-1-e1703798206272.jpg 287w, https:\/\/centretellura.be\/wp-content\/uploads\/2023\/12\/moi-1-e1703798206272-150x150.jpg 150w, https:\/\/centretellura.be\/wp-content\/uploads\/2023\/12\/moi-1-e1703798206272-100x100.jpg 100w\" sizes=\"(max-width: 287px) 100vw, 287px\" \/>\t\t\t\t\t\t\t\t\t\t\t\t\t\t\t<\/div>\n\t\t\t\t<\/div>\n\t\t\t\t<div class=\"elementor-element elementor-element-853bda1 elementor-widget elementor-widget-text-editor\" data-id=\"853bda1\" data-element_type=\"widget\" data-e-type=\"widget\" data-widget_type=\"text-editor.default\">\n\t\t\t\t<div class=\"elementor-widget-container\">\n\t\t\t\t\t\t\t\t\t<p>Je suis kin\u00e9sith\u00e9rapeute de formation et fondateur du centre Tellura. C\u2019est lors de mes stages en milieu hospitalier que j&rsquo;ai rencontr\u00e9 les pratiques de la m\u00e9decine chinoise par le biais du Tui Na.. Depuis ce jour, je n\u2019ai cess\u00e9 de me former dans ce domaine, \u00e0 commencer par l\u2019acupuncture puis le Tui na et les techniques annexes.\u00a0<\/p><p>Je me suis sp\u00e9cialis\u00e9 dans les pratiques de la m\u00e9decine chinoise et les chaines physiologiques Busquet. Au fil des ann\u00e9es, j&rsquo;ai \u00e9t\u00e9 amen\u00e9 \u00e0 rencontrer de nombreuses personnalit\u00e9s influentes dans ces domaines. Elles m&rsquo;ont permit d&rsquo;enrichir mon approche de la sant\u00e9 et m&rsquo;ont amen\u00e9\u00a0 \u00e0 affiner mon approche afin de l&rsquo;adapter au monde occidental.<\/p><p>Passionn\u00e9 par le fonctionnement du cerveau et de la psych\u00e9 je me suis form\u00e9 aux neurosciences, \u00e0 l\u2019hypnose et \u00e0 la PNL.<\/p><p>Mes recherches mon ensuite pouss\u00e9es \u00e0 revenir \u00e0 mes premiers centres d&rsquo;int\u00e9r\u00eats que sont les pratiques \u00e9nerg\u00e9tiques issues des traditions occidentales\u00a0 allant de la bio\u00e9nergie , la lithoth\u00e9rapie, la g\u00e9obiologie jusqu&rsquo;aux traditions \u00e9sot\u00e9riques du d\u00e9but de la p\u00e9riode modernes.<\/p><p>Les approches occidentale et orientale du corps, des \u00e9motions et du mental me permettent de b\u00e9n\u00e9ficier des deux visions compl\u00e9mentaires du fonctionnement de la personne, ce qui permet une compr\u00e9hension globale de l\u2019individu.<\/p><p>J&rsquo;ai synth\u00e9tis\u00e9 ces connaissances afin de proposer une m\u00e9thode globale tenant compte des donn\u00e9es traditionnelles et modernes dans les techniques de soins \u00e9nerg\u00e9tiques.<\/p>\t\t\t\t\t\t\t\t<\/div>\n\t\t\t\t<\/div>\n\t\t\t\t<\/div>\n\t\t\t\t<\/div>\n\t\t","protected":false},"excerpt":{"rendered":"<p>Je suis kin\u00e9sith\u00e9rapeute de formation et fondateur du centre Tellura. C\u2019est lors de mes stages en milieu hospitalier que j&rsquo;ai rencontr\u00e9 les pratiques de la m\u00e9decine chinoise par le biais [&hellip;]<\/p>\n","protected":false},"author":1,"featured_media":0,"parent":0,"menu_order":0,"comment_status":"closed","ping_status":"closed","template":"","meta":{"ocean_post_layout":"full-width","ocean_both_sidebars_style":"","ocean_both_sidebars_content_width":0,"ocean_both_sidebars_sidebars_width":0,"ocean_sidebar":"","ocean_second_sidebar":"","ocean_disable_margins":"enable","ocean_add_body_class":"","ocean_shortcode_before_top_bar":"","ocean_shortcode_after_top_bar":"","ocean_shortcode_before_header":"","ocean_shortcode_after_header":"","ocean_has_shortcode":"","ocean_shortcode_after_title":"","ocean_shortcode_before_footer_widgets":"","ocean_shortcode_after_footer_widgets":"","ocean_shortcode_before_footer_bottom":"","ocean_shortcode_after_footer_bottom":"","ocean_display_top_bar":"default","ocean_display_header":"default","ocean_header_style":"","ocean_center_header_left_menu":"","ocean_custom_header_template":"","ocean_custom_logo":0,"ocean_custom_retina_logo":0,"ocean_custom_logo_max_width":0,"ocean_custom_logo_tablet_max_width":0,"ocean_custom_logo_mobile_max_width":0,"ocean_custom_logo_max_height":0,"ocean_custom_logo_tablet_max_height":0,"ocean_custom_logo_mobile_max_height":0,"ocean_header_custom_menu":"","ocean_menu_typo_font_family":"","ocean_menu_typo_font_subset":"","ocean_menu_typo_font_size":0,"ocean_menu_typo_font_size_tablet":0,"ocean_menu_typo_font_size_mobile":0,"ocean_menu_typo_font_size_unit":"px","ocean_menu_typo_font_weight":"","ocean_menu_typo_font_weight_tablet":"","ocean_menu_typo_font_weight_mobile":"","ocean_menu_typo_transform":"","ocean_menu_typo_transform_tablet":"","ocean_menu_typo_transform_mobile":"","ocean_menu_typo_line_height":0,"ocean_menu_typo_line_height_tablet":0,"ocean_menu_typo_line_height_mobile":0,"ocean_menu_typo_line_height_unit":"","ocean_menu_typo_spacing":0,"ocean_menu_typo_spacing_tablet":0,"ocean_menu_typo_spacing_mobile":0,"ocean_menu_typo_spacing_unit":"","ocean_menu_link_color":"","ocean_menu_link_color_hover":"","ocean_menu_link_color_active":"","ocean_menu_link_background":"","ocean_menu_link_hover_background":"","ocean_menu_link_active_background":"","ocean_menu_social_links_bg":"","ocean_menu_social_hover_links_bg":"","ocean_menu_social_links_color":"","ocean_menu_social_hover_links_color":"","ocean_disable_title":"default","ocean_disable_heading":"default","ocean_post_title":"","ocean_post_subheading":"","ocean_post_title_style":"","ocean_post_title_background_color":"","ocean_post_title_background":0,"ocean_post_title_bg_image_position":"","ocean_post_title_bg_image_attachment":"","ocean_post_title_bg_image_repeat":"","ocean_post_title_bg_image_size":"","ocean_post_title_height":0,"ocean_post_title_bg_overlay":0.5,"ocean_post_title_bg_overlay_color":"","ocean_disable_breadcrumbs":"default","ocean_breadcrumbs_color":"","ocean_breadcrumbs_separator_color":"","ocean_breadcrumbs_links_color":"","ocean_breadcrumbs_links_hover_color":"","ocean_display_footer_widgets":"default","ocean_display_footer_bottom":"default","ocean_custom_footer_template":"","footnotes":""},"class_list":["post-191","page","type-page","status-publish","hentry","entry","owp-thumbs-layout-horizontal","owp-btn-normal","owp-tabs-layout-horizontal","has-no-thumbnails","has-product-nav"],"yoast_head":"<!-- This site is optimized with the Yoast SEO plugin v27.4 - https:\/\/yoast.com\/product\/yoast-seo-wordpress\/ -->\n<title>JAFER Dimitri - TELLURA<\/title>\n<meta name=\"robots\" content=\"index, follow, max-snippet:-1, max-image-preview:large, max-video-preview:-1\" \/>\n<link rel=\"canonical\" href=\"https:\/\/centretellura.be\/index.php\/jafer-dimitri\/\" \/>\n<meta property=\"og:locale\" content=\"fr_FR\" \/>\n<meta property=\"og:type\" content=\"article\" \/>\n<meta property=\"og:title\" content=\"JAFER Dimitri - TELLURA\" \/>\n<meta property=\"og:description\" content=\"Je suis kin\u00e9sith\u00e9rapeute de formation et fondateur du centre Tellura. C\u2019est lors de mes stages en milieu hospitalier que j&rsquo;ai rencontr\u00e9 les pratiques de la m\u00e9decine chinoise par le biais [&hellip;]\" \/>\n<meta property=\"og:url\" content=\"https:\/\/centretellura.be\/index.php\/jafer-dimitri\/\" \/>\n<meta property=\"og:site_name\" content=\"TELLURA\" \/>\n<meta property=\"article:modified_time\" content=\"2025-05-19T16:35:22+00:00\" \/>\n<meta property=\"og:image\" content=\"https:\/\/centretellura.be\/wp-content\/uploads\/2023\/12\/moi-1-e1703798206272.jpg\" \/>\n\t<meta property=\"og:image:width\" content=\"287\" \/>\n\t<meta property=\"og:image:height\" content=\"285\" \/>\n\t<meta property=\"og:image:type\" content=\"image\/jpeg\" \/>\n<meta name=\"twitter:card\" content=\"summary_large_image\" \/>\n<meta name=\"twitter:label1\" content=\"Dur\u00e9e de lecture est.\" \/>\n\t<meta name=\"twitter:data1\" content=\"2 minutes\" \/>\n<script type=\"application\/ld+json\" class=\"yoast-schema-graph\">{\"@context\":\"https:\\\/\\\/schema.org\",\"@graph\":[{\"@type\":\"WebPage\",\"@id\":\"https:\\\/\\\/centretellura.be\\\/index.php\\\/jafer-dimitri\\\/\",\"url\":\"https:\\\/\\\/centretellura.be\\\/index.php\\\/jafer-dimitri\\\/\",\"name\":\"JAFER Dimitri - TELLURA\",\"isPartOf\":{\"@id\":\"https:\\\/\\\/centretellura.be\\\/#website\"},\"primaryImageOfPage\":{\"@id\":\"https:\\\/\\\/centretellura.be\\\/index.php\\\/jafer-dimitri\\\/#primaryimage\"},\"image\":{\"@id\":\"https:\\\/\\\/centretellura.be\\\/index.php\\\/jafer-dimitri\\\/#primaryimage\"},\"thumbnailUrl\":\"http:\\\/\\\/centretellura.be\\\/wp-content\\\/uploads\\\/2023\\\/12\\\/moi-1-e1703798206272.jpg\",\"datePublished\":\"2023-12-03T06:32:40+00:00\",\"dateModified\":\"2025-05-19T16:35:22+00:00\",\"breadcrumb\":{\"@id\":\"https:\\\/\\\/centretellura.be\\\/index.php\\\/jafer-dimitri\\\/#breadcrumb\"},\"inLanguage\":\"fr-BE\",\"potentialAction\":[{\"@type\":\"ReadAction\",\"target\":[\"https:\\\/\\\/centretellura.be\\\/index.php\\\/jafer-dimitri\\\/\"]}]},{\"@type\":\"ImageObject\",\"inLanguage\":\"fr-BE\",\"@id\":\"https:\\\/\\\/centretellura.be\\\/index.php\\\/jafer-dimitri\\\/#primaryimage\",\"url\":\"https:\\\/\\\/centretellura.be\\\/wp-content\\\/uploads\\\/2023\\\/12\\\/moi-1-e1703798206272.jpg\",\"contentUrl\":\"https:\\\/\\\/centretellura.be\\\/wp-content\\\/uploads\\\/2023\\\/12\\\/moi-1-e1703798206272.jpg\",\"width\":287,\"height\":285},{\"@type\":\"BreadcrumbList\",\"@id\":\"https:\\\/\\\/centretellura.be\\\/index.php\\\/jafer-dimitri\\\/#breadcrumb\",\"itemListElement\":[{\"@type\":\"ListItem\",\"position\":1,\"name\":\"Accueil\",\"item\":\"https:\\\/\\\/centretellura.be\\\/\"},{\"@type\":\"ListItem\",\"position\":2,\"name\":\"JAFER Dimitri\"}]},{\"@type\":\"WebSite\",\"@id\":\"https:\\\/\\\/centretellura.be\\\/#website\",\"url\":\"https:\\\/\\\/centretellura.be\\\/\",\"name\":\"TELLURA\",\"description\":\"Un site utilisant WordPress\",\"publisher\":{\"@id\":\"https:\\\/\\\/centretellura.be\\\/#organization\"},\"potentialAction\":[{\"@type\":\"SearchAction\",\"target\":{\"@type\":\"EntryPoint\",\"urlTemplate\":\"https:\\\/\\\/centretellura.be\\\/?s={search_term_string}\"},\"query-input\":{\"@type\":\"PropertyValueSpecification\",\"valueRequired\":true,\"valueName\":\"search_term_string\"}}],\"inLanguage\":\"fr-BE\"},{\"@type\":\"Organization\",\"@id\":\"https:\\\/\\\/centretellura.be\\\/#organization\",\"name\":\"TELLURA\",\"url\":\"https:\\\/\\\/centretellura.be\\\/\",\"logo\":{\"@type\":\"ImageObject\",\"inLanguage\":\"fr-BE\",\"@id\":\"https:\\\/\\\/centretellura.be\\\/#\\\/schema\\\/logo\\\/image\\\/\",\"url\":\"https:\\\/\\\/centretellura.be\\\/wp-content\\\/uploads\\\/2023\\\/12\\\/Screenshot-2023-12-02-11.45.11-1.png\",\"contentUrl\":\"https:\\\/\\\/centretellura.be\\\/wp-content\\\/uploads\\\/2023\\\/12\\\/Screenshot-2023-12-02-11.45.11-1.png\",\"width\":142,\"height\":136,\"caption\":\"TELLURA\"},\"image\":{\"@id\":\"https:\\\/\\\/centretellura.be\\\/#\\\/schema\\\/logo\\\/image\\\/\"}}]}<\/script>\n<!-- \/ Yoast SEO plugin. -->","yoast_head_json":{"title":"JAFER Dimitri - TELLURA","robots":{"index":"index","follow":"follow","max-snippet":"max-snippet:-1","max-image-preview":"max-image-preview:large","max-video-preview":"max-video-preview:-1"},"canonical":"https:\/\/centretellura.be\/index.php\/jafer-dimitri\/","og_locale":"fr_FR","og_type":"article","og_title":"JAFER Dimitri - TELLURA","og_description":"Je suis kin\u00e9sith\u00e9rapeute de formation et fondateur du centre Tellura. C\u2019est lors de mes stages en milieu hospitalier que j&rsquo;ai rencontr\u00e9 les pratiques de la m\u00e9decine chinoise par le biais [&hellip;]","og_url":"https:\/\/centretellura.be\/index.php\/jafer-dimitri\/","og_site_name":"TELLURA","article_modified_time":"2025-05-19T16:35:22+00:00","og_image":[{"width":287,"height":285,"url":"https:\/\/centretellura.be\/wp-content\/uploads\/2023\/12\/moi-1-e1703798206272.jpg","type":"image\/jpeg"}],"twitter_card":"summary_large_image","twitter_misc":{"Dur\u00e9e de lecture est.":"2 minutes"},"schema":{"@context":"https:\/\/schema.org","@graph":[{"@type":"WebPage","@id":"https:\/\/centretellura.be\/index.php\/jafer-dimitri\/","url":"https:\/\/centretellura.be\/index.php\/jafer-dimitri\/","name":"JAFER Dimitri - TELLURA","isPartOf":{"@id":"https:\/\/centretellura.be\/#website"},"primaryImageOfPage":{"@id":"https:\/\/centretellura.be\/index.php\/jafer-dimitri\/#primaryimage"},"image":{"@id":"https:\/\/centretellura.be\/index.php\/jafer-dimitri\/#primaryimage"},"thumbnailUrl":"http:\/\/centretellura.be\/wp-content\/uploads\/2023\/12\/moi-1-e1703798206272.jpg","datePublished":"2023-12-03T06:32:40+00:00","dateModified":"2025-05-19T16:35:22+00:00","breadcrumb":{"@id":"https:\/\/centretellura.be\/index.php\/jafer-dimitri\/#breadcrumb"},"inLanguage":"fr-BE","potentialAction":[{"@type":"ReadAction","target":["https:\/\/centretellura.be\/index.php\/jafer-dimitri\/"]}]},{"@type":"ImageObject","inLanguage":"fr-BE","@id":"https:\/\/centretellura.be\/index.php\/jafer-dimitri\/#primaryimage","url":"https:\/\/centretellura.be\/wp-content\/uploads\/2023\/12\/moi-1-e1703798206272.jpg","contentUrl":"https:\/\/centretellura.be\/wp-content\/uploads\/2023\/12\/moi-1-e1703798206272.jpg","width":287,"height":285},{"@type":"BreadcrumbList","@id":"https:\/\/centretellura.be\/index.php\/jafer-dimitri\/#breadcrumb","itemListElement":[{"@type":"ListItem","position":1,"name":"Accueil","item":"https:\/\/centretellura.be\/"},{"@type":"ListItem","position":2,"name":"JAFER Dimitri"}]},{"@type":"WebSite","@id":"https:\/\/centretellura.be\/#website","url":"https:\/\/centretellura.be\/","name":"TELLURA","description":"Un site utilisant WordPress","publisher":{"@id":"https:\/\/centretellura.be\/#organization"},"potentialAction":[{"@type":"SearchAction","target":{"@type":"EntryPoint","urlTemplate":"https:\/\/centretellura.be\/?s={search_term_string}"},"query-input":{"@type":"PropertyValueSpecification","valueRequired":true,"valueName":"search_term_string"}}],"inLanguage":"fr-BE"},{"@type":"Organization","@id":"https:\/\/centretellura.be\/#organization","name":"TELLURA","url":"https:\/\/centretellura.be\/","logo":{"@type":"ImageObject","inLanguage":"fr-BE","@id":"https:\/\/centretellura.be\/#\/schema\/logo\/image\/","url":"https:\/\/centretellura.be\/wp-content\/uploads\/2023\/12\/Screenshot-2023-12-02-11.45.11-1.png","contentUrl":"https:\/\/centretellura.be\/wp-content\/uploads\/2023\/12\/Screenshot-2023-12-02-11.45.11-1.png","width":142,"height":136,"caption":"TELLURA"},"image":{"@id":"https:\/\/centretellura.be\/#\/schema\/logo\/image\/"}}]}},"jetpack_sharing_enabled":true,"_links":{"self":[{"href":"https:\/\/centretellura.be\/index.php\/wp-json\/wp\/v2\/pages\/191","targetHints":{"allow":["GET"]}}],"collection":[{"href":"https:\/\/centretellura.be\/index.php\/wp-json\/wp\/v2\/pages"}],"about":[{"href":"https:\/\/centretellura.be\/index.php\/wp-json\/wp\/v2\/types\/page"}],"author":[{"embeddable":true,"href":"https:\/\/centretellura.be\/index.php\/wp-json\/wp\/v2\/users\/1"}],"replies":[{"embeddable":true,"href":"https:\/\/centretellura.be\/index.php\/wp-json\/wp\/v2\/comments?post=191"}],"version-history":[{"count":68,"href":"https:\/\/centretellura.be\/index.php\/wp-json\/wp\/v2\/pages\/191\/revisions"}],"predecessor-version":[{"id":3010,"href":"https:\/\/centretellura.be\/index.php\/wp-json\/wp\/v2\/pages\/191\/revisions\/3010"}],"wp:attachment":[{"href":"https:\/\/centretellura.be\/index.php\/wp-json\/wp\/v2\/media?parent=191"}],"curies":[{"name":"wp","href":"https:\/\/api.w.org\/{rel}","templated":true}]}}